{"id":48,"date":"2017-03-18T19:14:12","date_gmt":"2017-03-18T18:14:12","guid":{"rendered":"http:\/\/reelcity.net\/?page_id=48"},"modified":"2020-08-22T22:44:02","modified_gmt":"2020-08-22T20:44:02","slug":"witaj","status":"publish","type":"page","link":"http:\/\/reelcity.net\/","title":{"rendered":"WITAJ!"},"content":{"rendered":"<p style=\"text-align: left;\">Strona po\u015bwi\u0119cona jest g\u0142\u00f3wnie magnetofonom szpulowym oraz ta\u015bmom magnetofonowym. To, co uda\u0142o mi si\u0119 do tej pory zdoby\u0107, sukcesywnie staram si\u0119 umieszcza\u0107 w galeriach. Zach\u0119cam do obejrzenia tej niezwyk\u0142ej kolekcji, szczeg\u00f3lnie osoby maj\u0105ce podobne hobby, kt\u00f3re lubuj\u0105 si\u0119 w tych sprz\u0119tach. Wi\u0119kszo\u015b\u0107 tego co mam jest zebrane od os\u00f3b, kt\u00f3re chcia\u0142y si\u0119 pozby\u0107 &#8222;starych grat\u00f3w&#8221;. Cze\u015b\u0107 ciekawych egzemplarzy jest zakupiona na allegro, eBay lub innych serwisach aukcyjnych na \u015bwiecie i w Polsce, a tak\u017ce na gie\u0142dach staroci i tak zwanych pchlich targach. Kolekcja na pocz\u0105tku tworzy\u0142a si\u0119 sama. Wiele sprz\u0119t\u00f3w trafia\u0142o do naprawy, a w\u0142a\u015bciciele nie zg\u0142aszali si\u0119 po nie. Z biegiem lat przybywa\u0142o ta\u015bm magnetofonowych ro\u017cnych marek. Zainteresowa\u0142a mnie r\u00f3\u017cnorodno\u015b\u0107 typ\u00f3w ta\u015bm, wzornictwo szpul stosowane przez producent\u00f3w i ich barwy.<br \/>\nNa emaile Staram si\u0119 odpisywa\u0107 jak najpr\u0119dzej. Zapraszam do ogl\u0105dania oraz kontaktu.<\/p>\n","protected":false},"excerpt":{"rendered":"<p>Strona po\u015bwi\u0119cona jest g\u0142\u00f3wnie magnetofonom szpulowym oraz ta\u015bmom magnetofonowym. To, co uda\u0142o mi si\u0119 do tej pory zdoby\u0107, sukcesywnie staram si\u0119 umieszcza\u0107 w galeriach. Zach\u0119cam do obejrzenia tej niezwyk\u0142ej kolekcji, szczeg\u00f3lnie osoby maj\u0105ce podobne hobby, kt\u00f3re lubuj\u0105 si\u0119 w tych sprz\u0119tach. Wi\u0119kszo\u015b\u0107 tego co mam jest zebrane od os\u00f3b, kt\u00f3re <a href=\"http:\/\/reelcity.net\/\" class=\"btn btn-link continue-link\">Continue Reading<\/a><\/p>\n","protected":false},"author":1,"featured_media":0,"parent":0,"menu_order":0,"comment_status":"closed","ping_status":"closed","template":"","meta":[],"_links":{"self":[{"href":"http:\/\/reelcity.net\/index.php?rest_route=\/wp\/v2\/pages\/48"}],"collection":[{"href":"http:\/\/reelcity.net\/index.php?rest_route=\/wp\/v2\/pages"}],"about":[{"href":"http:\/\/reelcity.net\/index.php?rest_route=\/wp\/v2\/types\/page"}],"author":[{"embeddable":true,"href":"http:\/\/reelcity.net\/index.php?rest_route=\/wp\/v2\/users\/1"}],"replies":[{"embeddable":true,"href":"http:\/\/reelcity.net\/index.php?rest_route=%2Fwp%2Fv2%2Fcomments&post=48"}],"version-history":[{"count":4,"href":"http:\/\/reelcity.net\/index.php?rest_route=\/wp\/v2\/pages\/48\/revisions"}],"predecessor-version":[{"id":740,"href":"http:\/\/reelcity.net\/index.php?rest_route=\/wp\/v2\/pages\/48\/revisions\/740"}],"wp:attachment":[{"href":"http:\/\/reelcity.net\/index.php?rest_route=%2Fwp%2Fv2%2Fmedia&parent=48"}],"curies":[{"name":"wp","href":"https:\/\/api.w.org\/{rel}","templated":true}]}}