{"id":301,"date":"2017-03-19T11:39:27","date_gmt":"2017-03-19T10:39:27","guid":{"rendered":"http:\/\/reelcity.net\/?page_id=301"},"modified":"2019-01-06T15:11:56","modified_gmt":"2019-01-06T14:11:56","slug":"znaleziska","status":"publish","type":"page","link":"https:\/\/reelcity.net\/?page_id=301","title":{"rendered":"LINKI"},"content":{"rendered":"<div class=\"link\">\n<div class=\"circle\">1. <a href=\"http:\/\/www.radiomuseum-bocket.de\/\" target=\"_blank\" rel=\"noopener\">Radiomuseum Bocket<\/a><\/div>\n<div class=\"ldes\">\n<p>Niemiecka strona, na kt\u00f3rej mo\u017cna znale\u017a\u0107 fotografie i opisy wielu starych urz\u0105dze\u0144 radiowych.<\/p>\n<\/div>\n<hr>\n<\/div>\n<div class=\"link\">\n<div class=\"circle\">2. <a href=\"http:\/\/www.bandmaschine.de\/\" target=\"_blank\" rel=\"noopener\">Bandmaschine<\/a><\/div>\n<div class=\"ldes\">\n<p>Niemiecka strona, na kt\u00f3rej s\u0105&nbsp;pokazane g\u0142\u00f3wnie magnetofony i&nbsp;odbiorniki<br \/>\nradiowe zachodniej produkcji. Zawiera wiele zdj\u0119\u0107 i&nbsp;opis\u00f3w. Mo\u017cna tam znale\u017a\u0107<br \/>\nnawet skany instrukcji obs\u0142ugi lub folder\u00f3w reklamowych sprzed lat.<\/p>\n<\/div>\n<hr>\n<div class=\"link\">\n<div class=\"circle\">3. <a href=\"http:\/\/neurobot.art.pl\/03\/n-files\/unitra\/unitra.html\" target=\"_blank\" rel=\"noopener\">Unitra<\/a><\/div>\n<div class=\"ldes\">\n<p>Kilka stron b\u0119d\u0105cych cz\u0119\u015bci\u0105 portalu neurobot.art.pl zawieraj\u0105cych ciekawe materia\u0142y.<\/p>\n<\/div>\n<hr>\n<\/div>\n<div class=\"link\">\n<div class=\"ldes\">\n<div class=\"circle\">4. <a href=\"http:\/\/www.oldradio.cz\/\" target=\"_blank\" rel=\"noopener\">Oldradio<\/a><\/div>\n<div class=\"ldes\">\n<p>Czeska stronka podobna do Bandmaschine ale skupiaj\u0105ca si\u0119 na odbiornikach radiowych.<\/p>\n<\/div>\n<\/div>\n<\/div>\n<\/div>\n","protected":false},"excerpt":{"rendered":"<p>1. Radiomuseum Bocket Niemiecka strona, na kt\u00f3rej mo\u017cna znale\u017a\u0107 fotografie i opisy wielu starych urz\u0105dze\u0144 radiowych. 2. Bandmaschine Niemiecka strona, na kt\u00f3rej s\u0105&nbsp;pokazane g\u0142\u00f3wnie magnetofony i&nbsp;odbiorniki radiowe zachodniej produkcji. Zawiera wiele zdj\u0119\u0107 i&nbsp;opis\u00f3w. Mo\u017cna tam znale\u017a\u0107 nawet skany instrukcji obs\u0142ugi lub folder\u00f3w reklamowych sprzed lat. 3. Unitra Kilka stron b\u0119d\u0105cych <a href=\"https:\/\/reelcity.net\/?page_id=301\" class=\"btn btn-link continue-link\">Continue Reading<\/a><\/p>\n","protected":false},"author":1,"featured_media":0,"parent":0,"menu_order":0,"comment_status":"closed","ping_status":"closed","template":"","meta":[],"_links":{"self":[{"href":"https:\/\/reelcity.net\/index.php?rest_route=\/wp\/v2\/pages\/301"}],"collection":[{"href":"https:\/\/reelcity.net\/index.php?rest_route=\/wp\/v2\/pages"}],"about":[{"href":"https:\/\/reelcity.net\/index.php?rest_route=\/wp\/v2\/types\/page"}],"author":[{"embeddable":true,"href":"https:\/\/reelcity.net\/index.php?rest_route=\/wp\/v2\/users\/1"}],"replies":[{"embeddable":true,"href":"https:\/\/reelcity.net\/index.php?rest_route=%2Fwp%2Fv2%2Fcomments&post=301"}],"version-history":[{"count":6,"href":"https:\/\/reelcity.net\/index.php?rest_route=\/wp\/v2\/pages\/301\/revisions"}],"predecessor-version":[{"id":687,"href":"https:\/\/reelcity.net\/index.php?rest_route=\/wp\/v2\/pages\/301\/revisions\/687"}],"wp:attachment":[{"href":"https:\/\/reelcity.net\/index.php?rest_route=%2Fwp%2Fv2%2Fmedia&parent=301"}],"curies":[{"name":"wp","href":"https:\/\/api.w.org\/{rel}","templated":true}]}}