{"id":369,"date":"2006-01-02T12:54:47","date_gmt":"2006-01-02T11:54:47","guid":{"rendered":"http:\/\/reelcity.net\/?page_id=369"},"modified":"2017-03-19T13:09:36","modified_gmt":"2017-03-19T12:09:36","slug":"o-mnie","status":"publish","type":"page","link":"https:\/\/reelcity.net\/?page_id=369","title":{"rendered":"O MNIE"},"content":{"rendered":"<div>\n<p>KILKA S\u0141\u00d3W O AUTORZE<\/p>\n<p>Moja przygoda ze starociami zacz\u0119\u0142a si\u0119 kiedy mia\u0142em 4 lata. Dosta\u0142em wtedy do zabawy od mojej prababki od strony dziadka magnetofon ZRK TONETTE. Wbrew temu co teraz pewnie ka\u017cdy sobie my\u015bli, nie popsu\u0142em go. Nagrywa\u0142em r\u00f3\u017cne audycje z TV, z domowym przedszkolem na czele. Mam TONETTE do dzi\u015b i\u00a0mo\u017cna obejrze\u0107 j\u0105 na tej stronie w\u015br\u00f3d innych sprz\u0119t\u00f3w, kt\u00f3re przez lata si\u0119 uzbiera\u0142y. W czasie gdy ja eksploatowa\u0142em <img decoding=\"async\" loading=\"lazy\" class=\"alignleft size-medium wp-image-370\" src=\"http:\/\/reelcity.net\/wp-content\/uploads\/2017\/03\/TK120L_th-300x300.png\" alt=\"TK120L\" width=\"300\" height=\"300\" srcset=\"https:\/\/reelcity.net\/wp-content\/uploads\/2017\/03\/TK120L_th-300x300.png 300w, https:\/\/reelcity.net\/wp-content\/uploads\/2017\/03\/TK120L_th-150x150.png 150w, https:\/\/reelcity.net\/wp-content\/uploads\/2017\/03\/TK120L_th-60x60.png 60w, https:\/\/reelcity.net\/wp-content\/uploads\/2017\/03\/TK120L_th.png 310w\" sizes=\"(max-width: 300px) 100vw, 300px\" \/>TONETTE, moi rodzice mieli ZK 140 T. Od samego pocz\u0105tku magia designu Maxa Grundiga mnie urzeka\u0142a. Mimo \u017ce ZK 140 T by\u0142 tylko licencyjn\u0105 i mocno zubo\u017con\u0105 podr\u00f3bk\u0105 orygina\u0142u, bardzo mi si\u0119 podoba\u0142. Kilka lat p\u00f3\u017aniej kolega taty da\u0142 mi ZK 120 T. To przyczyni\u0142o si\u0119 do tego, \u017ce do dzi\u015b dzia\u0142am &#8222;dwu\u015bcie\u017ckowo&#8221; i nigdy inaczej, mimo, \u017ce p\u00f3\u017aniej &#8211; w czasie gdy wi\u0119kszo\u015b\u0107 os\u00f3b pozbywa\u0142a si\u0119 nie u\u017cywanych ju\u017c sprz\u0119t\u00f3w &#8211; do kolekcji wpad\u0142a ca\u0142a masa magnetofon\u00f3w cztero\u015bcie\u017ckowych oraz stereo. Stanu tego nie zmieni\u0142 tez wcze\u015bniejszy zakup magnetofonu OPUS MS2425 przez moich rodzic\u00f3w, zdaje si\u0119 \u017ce by\u0142o to w 1986 roku.<\/p>\n<\/div>\n<div>&#8230;a teraz&#8230;<br \/>\nW tej chwili skupiam si\u0119 na zbieraniu ta\u015bm r\u00f3\u017cnych producent\u00f3w. Wszystko co mam postaram si\u0119 pokaza\u0107 na tej stronie. Dodawanie nowych obraz\u00f3w i opis\u00f3w jest do\u015b\u0107 czasoch\u0142onne, wi\u0119c materia\u0142\u00f3w b\u0119dzie przybywa\u0142o powoli, ale konsekwentnie. Stron\u0119 t\u0119 za\u0142o\u017cy\u0142em \u017ceby pokaza\u0107 ten historyczny wr\u0119cz sprz\u0119t, da\u0107 mo\u017cliwo\u015b\u0107 obejrzenia go oraz w celu nawi\u0105zania kontaktu z innymi, kt\u00f3rzy si\u0119 tym interesuj\u0105. Na koniec pokazuj\u0119 (po lewej) m\u00f3j obecny &#8222;sprz\u0119t bazowy&#8221; &#8211; magnetofon GRUNDIG TK\u00a0120\u00a0de\u00a0luxe. U\u017cywam go na co dzie\u0144 i jestem z niego bardzo zadowolony. Jest zar\u00f3wno ozdob\u0105 i wspaniale dzia\u0142aj\u0105cym sprz\u0119tem.<\/div>\n","protected":false},"excerpt":{"rendered":"<p>KILKA S\u0141\u00d3W O AUTORZE Moja przygoda ze starociami zacz\u0119\u0142a si\u0119 kiedy mia\u0142em 4 lata. Dosta\u0142em wtedy do zabawy od mojej prababki od strony dziadka magnetofon ZRK TONETTE. Wbrew temu co teraz pewnie ka\u017cdy sobie my\u015bli, nie popsu\u0142em go. Nagrywa\u0142em r\u00f3\u017cne audycje z TV, z domowym przedszkolem na czele. Mam TONETTE <a href=\"https:\/\/reelcity.net\/?page_id=369\" class=\"btn btn-link continue-link\">Continue Reading<\/a><\/p>\n","protected":false},"author":1,"featured_media":0,"parent":0,"menu_order":0,"comment_status":"closed","ping_status":"closed","template":"","meta":[],"_links":{"self":[{"href":"https:\/\/reelcity.net\/index.php?rest_route=\/wp\/v2\/pages\/369"}],"collection":[{"href":"https:\/\/reelcity.net\/index.php?rest_route=\/wp\/v2\/pages"}],"about":[{"href":"https:\/\/reelcity.net\/index.php?rest_route=\/wp\/v2\/types\/page"}],"author":[{"embeddable":true,"href":"https:\/\/reelcity.net\/index.php?rest_route=\/wp\/v2\/users\/1"}],"replies":[{"embeddable":true,"href":"https:\/\/reelcity.net\/index.php?rest_route=%2Fwp%2Fv2%2Fcomments&post=369"}],"version-history":[{"count":6,"href":"https:\/\/reelcity.net\/index.php?rest_route=\/wp\/v2\/pages\/369\/revisions"}],"predecessor-version":[{"id":379,"href":"https:\/\/reelcity.net\/index.php?rest_route=\/wp\/v2\/pages\/369\/revisions\/379"}],"wp:attachment":[{"href":"https:\/\/reelcity.net\/index.php?rest_route=%2Fwp%2Fv2%2Fmedia&parent=369"}],"curies":[{"name":"wp","href":"https:\/\/api.w.org\/{rel}","templated":true}]}}